{"id":72,"date":"2021-03-27T16:08:15","date_gmt":"2021-03-27T16:08:15","guid":{"rendered":"http:\/\/esbe.bilkent.edu.tr\/en\/?page_id=72"},"modified":"2026-01-06T05:36:07","modified_gmt":"2026-01-06T05:36:07","slug":"executive-board","status":"publish","type":"page","link":"https:\/\/esbe.bilkent.edu.tr\/en\/index.php\/executive-board\/","title":{"rendered":"Executive Board"},"content":{"rendered":"\r\n<h1 class=\"wp-block-heading\">Executive Board<\/h1>\r\n\r\n\r\n\r\n<ul>\r\n<li><a href=\"http:\/\/refet.bilkent.edu.tr\" target=\"_blank\" rel=\"noreferrer noopener\">Prof. Dr. Refet Soykan G\u00fcrkaynak<\/a><\/li>\r\n<li><a href=\"https:\/\/comd.bilkent.edu.tr\/our_team\/emel-ozdora-aksak\/\" target=\"_blank\" rel=\"noreferrer noopener\">Assoc. Prof. Emel \u00d6zdora<\/a><\/li>\r\n<li><a href=\"https:\/\/hukuk.bilkent.edu.tr\/doc-dr-gulum-bayraktaroglu-ozcelik\/\" target=\"_blank\" rel=\"noreferrer noopener\">Assoc. Prof. G\u00fcl\u00fcm \u00d6z\u00e7elik<\/a><\/li>\r\n<li><a href=\"http:\/\/fba.bilkent.edu.tr\/ozgur-kibris\/\" target=\"_blank\" rel=\"noreferrer noopener\" data-type=\"URL\" data-id=\"http:\/\/fba.bilkent.edu.tr\/ahmet-ekici\/\">Prof. Dr. \u00d6zg\u00fcr K\u0131br\u0131s<\/a><\/li>\r\n<li><a href=\"http:\/\/www.phil.bilkent.edu.tr\/index.php\/simon-wigley\/\" target=\"_blank\" rel=\"noreferrer noopener\" data-type=\"URL\" data-id=\"http:\/\/www.phil.bilkent.edu.tr\/index.php\/simon-wigley\/\">Prof. Dr. Simon Drummond Wigley<\/a><\/li>\r\n<\/ul>\r\n\r\n\r\n\r\n<p>&nbsp;<\/p>\r\n","protected":false},"excerpt":{"rendered":"<p>Executive Board Prof. Dr. Refet Soykan G\u00fcrkaynak Assoc. Prof. Emel \u00d6zdora Assoc. Prof. G\u00fcl\u00fcm \u00d6z\u00e7elik Prof. Dr. \u00d6zg\u00fcr K\u0131br\u0131s Prof. Dr. Simon Drummond Wigley &nbsp;<\/p>\n","protected":false},"author":1,"featured_media":0,"parent":0,"menu_order":0,"comment_status":"closed","ping_status":"closed","template":"page-templates\/template-full-width.php","meta":{"footnotes":""},"_links":{"self":[{"href":"https:\/\/esbe.bilkent.edu.tr\/en\/index.php\/wp-json\/wp\/v2\/pages\/72"}],"collection":[{"href":"https:\/\/esbe.bilkent.edu.tr\/en\/index.php\/wp-json\/wp\/v2\/pages"}],"about":[{"href":"https:\/\/esbe.bilkent.edu.tr\/en\/index.php\/wp-json\/wp\/v2\/types\/page"}],"author":[{"embeddable":true,"href":"https:\/\/esbe.bilkent.edu.tr\/en\/index.php\/wp-json\/wp\/v2\/users\/1"}],"replies":[{"embeddable":true,"href":"https:\/\/esbe.bilkent.edu.tr\/en\/index.php\/wp-json\/wp\/v2\/comments?post=72"}],"version-history":[{"count":17,"href":"https:\/\/esbe.bilkent.edu.tr\/en\/index.php\/wp-json\/wp\/v2\/pages\/72\/revisions"}],"predecessor-version":[{"id":1257,"href":"https:\/\/esbe.bilkent.edu.tr\/en\/index.php\/wp-json\/wp\/v2\/pages\/72\/revisions\/1257"}],"wp:attachment":[{"href":"https:\/\/esbe.bilkent.edu.tr\/en\/index.php\/wp-json\/wp\/v2\/media?parent=72"}],"curies":[{"name":"wp","href":"https:\/\/api.w.org\/{rel}","templated":true}]}}