{"id":74,"date":"2021-03-27T16:08:15","date_gmt":"2021-03-27T16:08:15","guid":{"rendered":"http:\/\/esbe.bilkent.edu.tr\/en\/?page_id=74"},"modified":"2026-01-06T05:34:50","modified_gmt":"2026-01-06T05:34:50","slug":"institute-board","status":"publish","type":"page","link":"https:\/\/esbe.bilkent.edu.tr\/en\/index.php\/institute-board\/","title":{"rendered":"Institute Board"},"content":{"rendered":"\r\n<h1 class=\"wp-block-heading\"><strong>Institute Board<\/strong><\/h1>\r\n\r\n\r\n\r\n<ul>\r\n<li><a href=\"http:\/\/refet.bilkent.edu.tr\" target=\"_blank\" rel=\"noreferrer noopener\" data-type=\"URL\" data-id=\"http:\/\/refet.bilkent.edu.tr\">Prof. Dr. Refet Soykan G\u00fcrkaynak<\/a><\/li>\r\n<li><a href=\"https:\/\/comd.bilkent.edu.tr\/our_team\/emel-ozdora-aksak\/\">Assoc. Prof. Emel \u00d6zdora<\/a><\/li>\r\n<li><a href=\"https:\/\/bilkent.academia.edu\/burcakaltay\/CurriculumVitae\" target=\"_blank\" rel=\"noreferrer noopener\">Assoc. Prof. Bur\u00e7ak Altay<\/a><\/li>\r\n<li><a href=\"http:\/\/web2.bilkent.edu.tr\/bilge\/ekibimiz\/\" target=\"_blank\" rel=\"noreferrer noopener\">Assoc. Prof. Hande Ilgaz<\/a><\/li>\r\n<li><a href=\"https:\/\/pols.bilkent.edu.tr\/index.php\/tr\/tam-zamanli-ogretim-uyeleri\/meral-ugur-cinar\/\">Assoc. Prof. Meral U\u011fur \u00c7\u0131nar<\/a><\/li>\r\n<li><a href=\"https:\/\/hukuk.bilkent.edu.tr\/prof-dr-basak-baysal\/\" target=\"_blank\" rel=\"noreferrer noopener\">Prof. Dr. Ba\u015fak Baysal<\/a><\/li>\r\n<li><a href=\"http:\/\/fba.bilkent.edu.tr\/ozgur-kibris\/\" target=\"_blank\" rel=\"noreferrer noopener\">Prof. Dr. \u00d6zg\u00fcr K\u0131br\u0131s<\/a><\/li>\r\n<li><a href=\"http:\/\/turkishlit.bilkent.edu.tr\/tr\/kisiler\/yari-zamanli-ogretim-gorevlileri\/doc-dr-mehmet-kalpakli-bolum-baskani\/\" target=\"_blank\" rel=\"noreferrer noopener\">Assoc. Prof. Mehmet Kalpakl\u0131<\/a><\/li>\r\n<li><a href=\"https:\/\/kemalyildiz.weebly.com\/\" target=\"_blank\" rel=\"noreferrer noopener\">Assoc. Prof. Kemal Y\u0131ld\u0131z<\/a><\/li>\r\n<li><a href=\"https:\/\/kostem.bilkent.edu.tr\/\" target=\"_blank\" rel=\"noreferrer noopener\" data-type=\"URL\" data-id=\"http:\/\/ozgur.bilkent.edu.tr\/tr\/index.html\">Assoc. Prof. Se\u00e7kin K\u00f6stem<\/a><\/li>\r\n<li><a href=\"https:\/\/arkeo.bilkent.edu.tr\/?page_id=375\" target=\"_blank\" rel=\"noreferrer noopener\">Asst. Prof. Peter Louis M. Talloen<\/a><\/li>\r\n<li><a href=\"http:\/\/treske.bilkent.edu.tr\" target=\"_blank\" rel=\"noreferrer noopener\" data-type=\"URL\" data-id=\"http:\/\/treske.bilkent.edu.tr\">Senior Lecturer Andreas Treske<\/a><\/li>\r\n<li><a href=\"http:\/\/www.phil.bilkent.edu.tr\/index.php\/simon-wigley\/\">Prof. Dr. Simon Drummond Wigley<\/a><\/li>\r\n<li><a href=\"https:\/\/www.tolgayayalar.com\/\">Assoc. Prof. Tahsin Tolga Yayalar<\/a><\/li>\r\n<li><a href=\"https:\/\/catalog.bilkent.edu.tr\/instructor\/i08440.html\">Lecturer Seda Uyan\u0131k Tanr\u0131verdi <\/a><\/li>\r\n<\/ul>\r\n\r\n\r\n\r\n<p>&nbsp;<\/p>\r\n","protected":false},"excerpt":{"rendered":"<p>Institute Board Prof. Dr. Refet Soykan G\u00fcrkaynak Assoc. Prof. Emel \u00d6zdora Assoc. Prof. Bur\u00e7ak Altay Assoc. Prof. Hande Ilgaz Assoc. Prof. Meral U\u011fur \u00c7\u0131nar Prof. Dr. Ba\u015fak Baysal Prof. Dr. \u00d6zg\u00fcr K\u0131br\u0131s Assoc. Prof. Mehmet Kalpakl\u0131 Assoc. Prof. Kemal Y\u0131ld\u0131z Assoc. Prof. Se\u00e7kin K\u00f6stem Asst. Prof. Peter Louis M. Talloen [\u2026] <\/p>\n<div class=\"clear\"><\/div>\n<p><a class=\"more_link clearfix\" href=\"https:\/\/esbe.bilkent.edu.tr\/en\/index.php\/institute-board\/\" rel=\"nofollow\">Read More<\/a><\/p>\n","protected":false},"author":1,"featured_media":0,"parent":0,"menu_order":0,"comment_status":"closed","ping_status":"closed","template":"page-templates\/template-full-width.php","meta":{"footnotes":""},"_links":{"self":[{"href":"https:\/\/esbe.bilkent.edu.tr\/en\/index.php\/wp-json\/wp\/v2\/pages\/74"}],"collection":[{"href":"https:\/\/esbe.bilkent.edu.tr\/en\/index.php\/wp-json\/wp\/v2\/pages"}],"about":[{"href":"https:\/\/esbe.bilkent.edu.tr\/en\/index.php\/wp-json\/wp\/v2\/types\/page"}],"author":[{"embeddable":true,"href":"https:\/\/esbe.bilkent.edu.tr\/en\/index.php\/wp-json\/wp\/v2\/users\/1"}],"replies":[{"embeddable":true,"href":"https:\/\/esbe.bilkent.edu.tr\/en\/index.php\/wp-json\/wp\/v2\/comments?post=74"}],"version-history":[{"count":26,"href":"https:\/\/esbe.bilkent.edu.tr\/en\/index.php\/wp-json\/wp\/v2\/pages\/74\/revisions"}],"predecessor-version":[{"id":1256,"href":"https:\/\/esbe.bilkent.edu.tr\/en\/index.php\/wp-json\/wp\/v2\/pages\/74\/revisions\/1256"}],"wp:attachment":[{"href":"https:\/\/esbe.bilkent.edu.tr\/en\/index.php\/wp-json\/wp\/v2\/media?parent=74"}],"curies":[{"name":"wp","href":"https:\/\/api.w.org\/{rel}","templated":true}]}}