{"id":872,"date":"2021-10-04T08:55:59","date_gmt":"2021-10-04T08:55:59","guid":{"rendered":"http:\/\/esbe.bilkent.edu.tr\/en\/?page_id=872"},"modified":"2025-07-29T10:16:46","modified_gmt":"2025-07-29T10:16:46","slug":"cigdem-barcan-tansel-and-kalbiye-tansel-thesis-awards","status":"publish","type":"page","link":"https:\/\/esbe.bilkent.edu.tr\/en\/index.php\/cigdem-barcan-tansel-and-kalbiye-tansel-thesis-awards\/","title":{"rendered":"\u00c7i\u011fdem Bar\u00e7an Tansel and Kalbiye Tansel Thesis Awards"},"content":{"rendered":"\r\n<h2 class=\"wp-block-heading\">\u00a0<\/h2>\r\n<h2><strong>\u00c7i\u011fdem Bar\u00e7an Tansel and Kalbiye Tansel Thesis Awards<\/strong><\/h2>\r\n<p>Kalbiye Tansel and \u00c7i\u011fdem Bar\u00e7an Tansel Thesis Awards are presented to the best MA and PhD thesis written in graduate programs under ESBE each year.<\/p>\r\n<p>2024 Jury: Assoc. Prof. Emel \u00d6zdora (Chair), Prof. Dr. O\u011fuzhan \u00d6zba\u015f, Prof. Dr. \u00d6zg\u00fcr \u00d6zdamar, Assoc. Prof. Mehmet Kalpakl\u0131.<\/p>\r\n<p><strong><u>2023-24 Kalbiye Tansel Thesis Award Winner<\/u><\/strong><\/p>\r\n<p><em>&#8220;Unveiling The Process Behind Counterinsurgency: Three Essays On The Impact Of Leadership, Group And Societal Dynamics On Policymaking&#8221;<\/em><\/p>\r\n<p><strong>Buse D\u00fcvero\u011flu<\/strong><\/p>\r\n<p>International Relations, PhD<\/p>\r\n<p><strong><u>2023-24 \u00c7i\u011fdem Bar\u00e7an Tansel Thesis Award Winner<\/u><\/strong><\/p>\r\n<p><em>&#8220;The Visual Cortices of Congenitally and Non-Congenitally Blind Individuals Become a Part of Cognitive Control Network &#8220;<\/em><\/p>\r\n<p><strong>Hasan Duymu\u015f<\/strong><\/p>\r\n<p>Psychology, MA<\/p>\r\n","protected":false},"excerpt":{"rendered":"<p>\u00a0 \u00c7i\u011fdem Bar\u00e7an Tansel and Kalbiye Tansel Thesis Awards Kalbiye Tansel and \u00c7i\u011fdem Bar\u00e7an Tansel Thesis Awards are presented to the best MA and PhD thesis written in graduate programs under ESBE each year. 2024 Jury: Assoc. Prof. Emel \u00d6zdora (Chair), Prof. Dr. O\u011fuzhan \u00d6zba\u015f, Prof. Dr. \u00d6zg\u00fcr \u00d6zdamar, Assoc. [\u2026] <\/p>\n<div class=\"clear\"><\/div>\n<p><a class=\"more_link clearfix\" href=\"https:\/\/esbe.bilkent.edu.tr\/en\/index.php\/cigdem-barcan-tansel-and-kalbiye-tansel-thesis-awards\/\" rel=\"nofollow\">Read More<\/a><\/p>\n","protected":false},"author":1,"featured_media":0,"parent":0,"menu_order":0,"comment_status":"closed","ping_status":"closed","template":"","meta":{"footnotes":""},"_links":{"self":[{"href":"https:\/\/esbe.bilkent.edu.tr\/en\/index.php\/wp-json\/wp\/v2\/pages\/872"}],"collection":[{"href":"https:\/\/esbe.bilkent.edu.tr\/en\/index.php\/wp-json\/wp\/v2\/pages"}],"about":[{"href":"https:\/\/esbe.bilkent.edu.tr\/en\/index.php\/wp-json\/wp\/v2\/types\/page"}],"author":[{"embeddable":true,"href":"https:\/\/esbe.bilkent.edu.tr\/en\/index.php\/wp-json\/wp\/v2\/users\/1"}],"replies":[{"embeddable":true,"href":"https:\/\/esbe.bilkent.edu.tr\/en\/index.php\/wp-json\/wp\/v2\/comments?post=872"}],"version-history":[{"count":18,"href":"https:\/\/esbe.bilkent.edu.tr\/en\/index.php\/wp-json\/wp\/v2\/pages\/872\/revisions"}],"predecessor-version":[{"id":1241,"href":"https:\/\/esbe.bilkent.edu.tr\/en\/index.php\/wp-json\/wp\/v2\/pages\/872\/revisions\/1241"}],"wp:attachment":[{"href":"https:\/\/esbe.bilkent.edu.tr\/en\/index.php\/wp-json\/wp\/v2\/media?parent=872"}],"curies":[{"name":"wp","href":"https:\/\/api.w.org\/{rel}","templated":true}]}}