{"id":887,"date":"2021-10-07T10:44:57","date_gmt":"2021-10-07T10:44:57","guid":{"rendered":"http:\/\/esbe.bilkent.edu.tr\/en\/?page_id=887"},"modified":"2021-10-07T10:48:39","modified_gmt":"2021-10-07T10:48:39","slug":"news-and-events","status":"publish","type":"page","link":"https:\/\/esbe.bilkent.edu.tr\/en\/index.php\/news-and-events\/","title":{"rendered":"News and Events"},"content":{"rendered":"<ul>\n<li class=\"missing-url\"><strong><a href=\"http:\/\/esbe.bilkent.edu.tr\/en\/index.php\/cigdem-barcan-tansel-and-kalbiye-tansel-thesis-awards\/\">\u00c7i\u011fdem Bar\u00e7an Tansel and Kalbiye Tansel Thesis Awards<\/a><\/strong><br \/>\nKalbiye Tansel and \u00c7i\u011fdem Bar\u00e7an Tansel Thesis Awards are presented to the best MA and PhD thesis written in graduate programs under ESBE each year.<\/li>\n<\/ul>\n<p>&nbsp;<\/p>\n<p>&nbsp;<\/p>\n<p>&nbsp;<\/p>\n<p>&nbsp;<\/p>\n<p>&nbsp;<\/p>\n<p>&nbsp;<\/p>\n","protected":false},"excerpt":{"rendered":"<p>\u00c7i\u011fdem Bar\u00e7an Tansel and Kalbiye Tansel Thesis Awards Kalbiye Tansel and \u00c7i\u011fdem Bar\u00e7an Tansel Thesis Awards are presented to the best MA and PhD thesis written in graduate programs under ESBE each year. &nbsp; &nbsp; &nbsp; &nbsp; &nbsp; &nbsp;<\/p>\n","protected":false},"author":1,"featured_media":0,"parent":0,"menu_order":0,"comment_status":"closed","ping_status":"closed","template":"","meta":{"footnotes":""},"_links":{"self":[{"href":"https:\/\/esbe.bilkent.edu.tr\/en\/index.php\/wp-json\/wp\/v2\/pages\/887"}],"collection":[{"href":"https:\/\/esbe.bilkent.edu.tr\/en\/index.php\/wp-json\/wp\/v2\/pages"}],"about":[{"href":"https:\/\/esbe.bilkent.edu.tr\/en\/index.php\/wp-json\/wp\/v2\/types\/page"}],"author":[{"embeddable":true,"href":"https:\/\/esbe.bilkent.edu.tr\/en\/index.php\/wp-json\/wp\/v2\/users\/1"}],"replies":[{"embeddable":true,"href":"https:\/\/esbe.bilkent.edu.tr\/en\/index.php\/wp-json\/wp\/v2\/comments?post=887"}],"version-history":[{"count":5,"href":"https:\/\/esbe.bilkent.edu.tr\/en\/index.php\/wp-json\/wp\/v2\/pages\/887\/revisions"}],"predecessor-version":[{"id":1038,"href":"https:\/\/esbe.bilkent.edu.tr\/en\/index.php\/wp-json\/wp\/v2\/pages\/887\/revisions\/1038"}],"wp:attachment":[{"href":"https:\/\/esbe.bilkent.edu.tr\/en\/index.php\/wp-json\/wp\/v2\/media?parent=887"}],"curies":[{"name":"wp","href":"https:\/\/api.w.org\/{rel}","templated":true}]}}